{"id":29257,"date":"2024-01-30T23:45:29","date_gmt":"2024-01-30T22:45:29","guid":{"rendered":"https:\/\/www.raamprofiel.be\/shop\/uncategorized\/smarttech-as-40\/"},"modified":"2024-02-03T21:32:57","modified_gmt":"2024-02-03T20:32:57","slug":"essieu-smartline-40","status":"publish","type":"product","link":"https:\/\/www.raamprofiel.be\/fr\/boutique-2\/portes-en-aluminium\/ligne-intelligente\/essieu-smartline-40\/","title":{"rendered":"SmartLine AS-40"},"content":{"rendered":"<p>SmartLine AS-40<\/p>","protected":false},"excerpt":{"rendered":"<p>SmartLine AS-40 RAL 7024VSG Verre de s\u00e9curit\u00e9Application InoxPoign\u00e9e BETA \u2013 1000mm<\/p>","protected":false},"featured_media":28815,"template":"","meta":[],"product_brand":[],"product_cat":[182,221],"product_tag":[225,229],"class_list":{"0":"post-29257","1":"product","2":"type-product","3":"status-publish","4":"has-post-thumbnail","6":"product_cat-aluminium-doors","7":"product_cat-smart-line","8":"product_tag-aluminium-doors","9":"product_tag-smart-line","11":"first","12":"instock","13":"product-type-simple"},"_links":{"self":[{"href":"https:\/\/www.raamprofiel.be\/fr\/wp-json\/wp\/v2\/product\/29257","targetHints":{"allow":["GET"]}}],"collection":[{"href":"https:\/\/www.raamprofiel.be\/fr\/wp-json\/wp\/v2\/product"}],"about":[{"href":"https:\/\/www.raamprofiel.be\/fr\/wp-json\/wp\/v2\/types\/product"}],"version-history":[{"count":0,"href":"https:\/\/www.raamprofiel.be\/fr\/wp-json\/wp\/v2\/product\/29257\/revisions"}],"wp:featuredmedia":[{"embeddable":true,"href":"https:\/\/www.raamprofiel.be\/fr\/wp-json\/wp\/v2\/media\/28815"}],"wp:attachment":[{"href":"https:\/\/www.raamprofiel.be\/fr\/wp-json\/wp\/v2\/media?parent=29257"}],"wp:term":[{"taxonomy":"product_brand","embeddable":true,"href":"https:\/\/www.raamprofiel.be\/fr\/wp-json\/wp\/v2\/product_brand?post=29257"},{"taxonomy":"product_cat","embeddable":true,"href":"https:\/\/www.raamprofiel.be\/fr\/wp-json\/wp\/v2\/product_cat?post=29257"},{"taxonomy":"product_tag","embeddable":true,"href":"https:\/\/www.raamprofiel.be\/fr\/wp-json\/wp\/v2\/product_tag?post=29257"}],"curies":[{"name":"wp","href":"https:\/\/api.w.org\/{rel}","templated":true}]}}