{"id":29239,"date":"2024-01-30T23:44:52","date_gmt":"2024-01-30T22:44:52","guid":{"rendered":"https:\/\/www.raamprofiel.be\/shop\/uncategorized\/smarttech-as-24\/"},"modified":"2024-02-03T21:33:03","modified_gmt":"2024-02-03T20:33:03","slug":"essieu-smartline-24","status":"publish","type":"product","link":"https:\/\/www.raamprofiel.be\/fr\/boutique-2\/portes-en-aluminium\/ligne-intelligente\/essieu-smartline-24\/","title":{"rendered":"SmartLine AS-24"},"content":{"rendered":"<p>SmartLine AS-24<\/p>","protected":false},"excerpt":{"rendered":"<p>SmartLine AS-24 RAL 7015VSG Verre de s\u00e9curit\u00e9RainuresPoign\u00e9e ALPHA \u2013 1600mm<\/p>","protected":false},"featured_media":28788,"template":"","meta":[],"product_brand":[],"product_cat":[182,221],"product_tag":[225,229],"class_list":{"0":"post-29239","1":"product","2":"type-product","3":"status-publish","4":"has-post-thumbnail","6":"product_cat-aluminium-doors","7":"product_cat-smart-line","8":"product_tag-aluminium-doors","9":"product_tag-smart-line","11":"first","12":"instock","13":"product-type-simple"},"_links":{"self":[{"href":"https:\/\/www.raamprofiel.be\/fr\/wp-json\/wp\/v2\/product\/29239","targetHints":{"allow":["GET"]}}],"collection":[{"href":"https:\/\/www.raamprofiel.be\/fr\/wp-json\/wp\/v2\/product"}],"about":[{"href":"https:\/\/www.raamprofiel.be\/fr\/wp-json\/wp\/v2\/types\/product"}],"version-history":[{"count":0,"href":"https:\/\/www.raamprofiel.be\/fr\/wp-json\/wp\/v2\/product\/29239\/revisions"}],"wp:featuredmedia":[{"embeddable":true,"href":"https:\/\/www.raamprofiel.be\/fr\/wp-json\/wp\/v2\/media\/28788"}],"wp:attachment":[{"href":"https:\/\/www.raamprofiel.be\/fr\/wp-json\/wp\/v2\/media?parent=29239"}],"wp:term":[{"taxonomy":"product_brand","embeddable":true,"href":"https:\/\/www.raamprofiel.be\/fr\/wp-json\/wp\/v2\/product_brand?post=29239"},{"taxonomy":"product_cat","embeddable":true,"href":"https:\/\/www.raamprofiel.be\/fr\/wp-json\/wp\/v2\/product_cat?post=29239"},{"taxonomy":"product_tag","embeddable":true,"href":"https:\/\/www.raamprofiel.be\/fr\/wp-json\/wp\/v2\/product_tag?post=29239"}],"curies":[{"name":"wp","href":"https:\/\/api.w.org\/{rel}","templated":true}]}}