{"id":29177,"date":"2024-01-30T22:18:29","date_gmt":"2024-01-30T21:18:29","guid":{"rendered":"https:\/\/www.raamprofiel.be\/shop\/uncategorized\/smarttech-as-01\/"},"modified":"2024-02-03T21:31:59","modified_gmt":"2024-02-03T20:31:59","slug":"technologie-intelligente-comme-01","status":"publish","type":"product","link":"https:\/\/www.raamprofiel.be\/fr\/boutique-2\/portes-en-aluminium\/ligne-intelligente\/technologie-intelligente-comme-01\/","title":{"rendered":"SmartLine AS-01"},"content":{"rendered":"<p>SmartLine AS-01<\/p>","protected":false},"excerpt":{"rendered":"<p>SmartLine AS-01 RAL 7004 \/ RAL 7036VSG Verre de s\u00e9curit\u00e9Poign\u00e9e ALPHA \u2013 1000mm<\/p>","protected":false},"featured_media":28691,"template":"","meta":[],"product_brand":[],"product_cat":[182,221],"product_tag":[225,229],"class_list":{"0":"post-29177","1":"product","2":"type-product","3":"status-publish","4":"has-post-thumbnail","6":"product_cat-aluminium-doors","7":"product_cat-smart-line","8":"product_tag-aluminium-doors","9":"product_tag-smart-line","11":"first","12":"instock","13":"product-type-simple"},"_links":{"self":[{"href":"https:\/\/www.raamprofiel.be\/fr\/wp-json\/wp\/v2\/product\/29177","targetHints":{"allow":["GET"]}}],"collection":[{"href":"https:\/\/www.raamprofiel.be\/fr\/wp-json\/wp\/v2\/product"}],"about":[{"href":"https:\/\/www.raamprofiel.be\/fr\/wp-json\/wp\/v2\/types\/product"}],"version-history":[{"count":0,"href":"https:\/\/www.raamprofiel.be\/fr\/wp-json\/wp\/v2\/product\/29177\/revisions"}],"wp:featuredmedia":[{"embeddable":true,"href":"https:\/\/www.raamprofiel.be\/fr\/wp-json\/wp\/v2\/media\/28691"}],"wp:attachment":[{"href":"https:\/\/www.raamprofiel.be\/fr\/wp-json\/wp\/v2\/media?parent=29177"}],"wp:term":[{"taxonomy":"product_brand","embeddable":true,"href":"https:\/\/www.raamprofiel.be\/fr\/wp-json\/wp\/v2\/product_brand?post=29177"},{"taxonomy":"product_cat","embeddable":true,"href":"https:\/\/www.raamprofiel.be\/fr\/wp-json\/wp\/v2\/product_cat?post=29177"},{"taxonomy":"product_tag","embeddable":true,"href":"https:\/\/www.raamprofiel.be\/fr\/wp-json\/wp\/v2\/product_tag?post=29177"}],"curies":[{"name":"wp","href":"https:\/\/api.w.org\/{rel}","templated":true}]}}